{"id":7,"date":"2024-11-11T01:09:33","date_gmt":"2024-11-11T01:09:33","guid":{"rendered":"https:\/\/familiadopudim.com.br\/?page_id=7"},"modified":"2024-11-24T23:35:36","modified_gmt":"2024-11-24T23:35:36","slug":"pagina-principal","status":"publish","type":"page","link":"https:\/\/familiadopudim.com.br\/","title":{"rendered":"Fam\u00edlia do Pudim"},"content":{"rendered":"\t\t<div data-elementor-type=\"wp-post\" data-elementor-id=\"7\" class=\"elementor elementor-7\">\n\t\t\t\t<div class=\"elementor-element elementor-element-d954e7b e-flex e-con-boxed wpr-particle-no wpr-jarallax-no wpr-parallax-no wpr-sticky-section-no e-con e-parent\" data-id=\"d954e7b\" data-element_type=\"container\" data-settings=\"{&quot;background_background&quot;:&quot;classic&quot;}\">\n\t\t\t\t\t<div class=\"e-con-inner\">\n\t\t\t\t<div class=\"elementor-element elementor-element-88e8712 elementor-widget elementor-widget-image\" data-id=\"88e8712\" data-element_type=\"widget\" data-widget_type=\"image.default\">\n\t\t\t\t<div class=\"elementor-widget-container\">\n\t\t\t\t\t\t\t\t\t\t\t\t\t<img fetchpriority=\"high\" decoding=\"async\" width=\"800\" height=\"1000\" src=\"https:\/\/familiadopudim.com.br\/wp-content\/uploads\/2024\/11\/Pede-nosso-Pudim-Instagram-Story-1080-x-1350-px-1-819x1024.png\" class=\"attachment-large size-large wp-image-24\" alt=\"\" srcset=\"https:\/\/familiadopudim.com.br\/wp-content\/uploads\/2024\/11\/Pede-nosso-Pudim-Instagram-Story-1080-x-1350-px-1-819x1024.png 819w, https:\/\/familiadopudim.com.br\/wp-content\/uploads\/2024\/11\/Pede-nosso-Pudim-Instagram-Story-1080-x-1350-px-1-240x300.png 240w, https:\/\/familiadopudim.com.br\/wp-content\/uploads\/2024\/11\/Pede-nosso-Pudim-Instagram-Story-1080-x-1350-px-1-768x960.png 768w, https:\/\/familiadopudim.com.br\/wp-content\/uploads\/2024\/11\/Pede-nosso-Pudim-Instagram-Story-1080-x-1350-px-1.png 1080w\" sizes=\"(max-width: 800px) 100vw, 800px\" \/>\t\t\t\t\t\t\t\t\t\t\t\t\t<\/div>\n\t\t\t\t<\/div>\n\t\t\t\t<div class=\"elementor-element elementor-element-20a4197 elementor-widget__width-initial elementor-widget-mobile__width-initial elementor-absolute elementor-widget elementor-widget-image\" data-id=\"20a4197\" data-element_type=\"widget\" data-settings=\"{&quot;_position&quot;:&quot;absolute&quot;}\" data-widget_type=\"image.default\">\n\t\t\t\t<div class=\"elementor-widget-container\">\n\t\t\t\t\t\t\t\t\t\t\t\t\t<img decoding=\"async\" width=\"800\" height=\"1000\" src=\"https:\/\/familiadopudim.com.br\/wp-content\/uploads\/2024\/11\/1-mapa-alma-20-11-1080-x-1350-px-1-1-819x1024.png\" class=\"attachment-large size-large wp-image-75\" alt=\"\" srcset=\"https:\/\/familiadopudim.com.br\/wp-content\/uploads\/2024\/11\/1-mapa-alma-20-11-1080-x-1350-px-1-1-819x1024.png 819w, https:\/\/familiadopudim.com.br\/wp-content\/uploads\/2024\/11\/1-mapa-alma-20-11-1080-x-1350-px-1-1-240x300.png 240w, https:\/\/familiadopudim.com.br\/wp-content\/uploads\/2024\/11\/1-mapa-alma-20-11-1080-x-1350-px-1-1-768x960.png 768w, https:\/\/familiadopudim.com.br\/wp-content\/uploads\/2024\/11\/1-mapa-alma-20-11-1080-x-1350-px-1-1.png 1080w\" sizes=\"(max-width: 800px) 100vw, 800px\" \/>\t\t\t\t\t\t\t\t\t\t\t\t\t<\/div>\n\t\t\t\t<\/div>\n\t\t\t\t<div class=\"elementor-element elementor-element-7a0e634 elementor-widget__width-initial elementor-widget-mobile__width-initial elementor-absolute elementor-widget elementor-widget-image\" data-id=\"7a0e634\" data-element_type=\"widget\" data-settings=\"{&quot;_position&quot;:&quot;absolute&quot;}\" data-widget_type=\"image.default\">\n\t\t\t\t<div class=\"elementor-widget-container\">\n\t\t\t\t\t\t\t\t\t\t\t\t\t<img decoding=\"async\" width=\"800\" height=\"1000\" src=\"https:\/\/familiadopudim.com.br\/wp-content\/uploads\/2024\/11\/1-mapa-alma-20-11-1080-x-1350-px-3-1-819x1024.png\" class=\"attachment-large size-large wp-image-78\" alt=\"\" srcset=\"https:\/\/familiadopudim.com.br\/wp-content\/uploads\/2024\/11\/1-mapa-alma-20-11-1080-x-1350-px-3-1-819x1024.png 819w, https:\/\/familiadopudim.com.br\/wp-content\/uploads\/2024\/11\/1-mapa-alma-20-11-1080-x-1350-px-3-1-240x300.png 240w, https:\/\/familiadopudim.com.br\/wp-content\/uploads\/2024\/11\/1-mapa-alma-20-11-1080-x-1350-px-3-1-768x960.png 768w, https:\/\/familiadopudim.com.br\/wp-content\/uploads\/2024\/11\/1-mapa-alma-20-11-1080-x-1350-px-3-1.png 1080w\" sizes=\"(max-width: 800px) 100vw, 800px\" \/>\t\t\t\t\t\t\t\t\t\t\t\t\t<\/div>\n\t\t\t\t<\/div>\n\t\t\t\t<div class=\"elementor-element elementor-element-b83d5d5 elementor-widget__width-initial elementor-widget-mobile__width-initial elementor-absolute elementor-widget elementor-widget-image\" data-id=\"b83d5d5\" data-element_type=\"widget\" data-settings=\"{&quot;_position&quot;:&quot;absolute&quot;}\" data-widget_type=\"image.default\">\n\t\t\t\t<div class=\"elementor-widget-container\">\n\t\t\t\t\t\t\t\t\t\t\t\t\t<img loading=\"lazy\" decoding=\"async\" width=\"800\" height=\"1000\" src=\"https:\/\/familiadopudim.com.br\/wp-content\/uploads\/2024\/11\/1-mapa-alma-20-11-1080-x-1350-px-5-1-819x1024.png\" class=\"attachment-large size-large wp-image-80\" alt=\"\" srcset=\"https:\/\/familiadopudim.com.br\/wp-content\/uploads\/2024\/11\/1-mapa-alma-20-11-1080-x-1350-px-5-1-819x1024.png 819w, https:\/\/familiadopudim.com.br\/wp-content\/uploads\/2024\/11\/1-mapa-alma-20-11-1080-x-1350-px-5-1-240x300.png 240w, https:\/\/familiadopudim.com.br\/wp-content\/uploads\/2024\/11\/1-mapa-alma-20-11-1080-x-1350-px-5-1-768x960.png 768w, https:\/\/familiadopudim.com.br\/wp-content\/uploads\/2024\/11\/1-mapa-alma-20-11-1080-x-1350-px-5-1.png 1080w\" sizes=\"(max-width: 800px) 100vw, 800px\" \/>\t\t\t\t\t\t\t\t\t\t\t\t\t<\/div>\n\t\t\t\t<\/div>\n\t\t\t\t<div class=\"elementor-element elementor-element-f7d5075 elementor-widget__width-initial elementor-widget-mobile__width-initial elementor-absolute elementor-widget elementor-widget-image\" data-id=\"f7d5075\" data-element_type=\"widget\" data-settings=\"{&quot;_position&quot;:&quot;absolute&quot;}\" data-widget_type=\"image.default\">\n\t\t\t\t<div class=\"elementor-widget-container\">\n\t\t\t\t\t\t\t\t\t\t\t\t\t<img loading=\"lazy\" decoding=\"async\" width=\"800\" height=\"1000\" src=\"https:\/\/familiadopudim.com.br\/wp-content\/uploads\/2024\/11\/1-mapa-alma-20-11-1080-x-1350-px-2-1-819x1024.png\" class=\"attachment-large size-large wp-image-77\" alt=\"\" srcset=\"https:\/\/familiadopudim.com.br\/wp-content\/uploads\/2024\/11\/1-mapa-alma-20-11-1080-x-1350-px-2-1-819x1024.png 819w, https:\/\/familiadopudim.com.br\/wp-content\/uploads\/2024\/11\/1-mapa-alma-20-11-1080-x-1350-px-2-1-240x300.png 240w, https:\/\/familiadopudim.com.br\/wp-content\/uploads\/2024\/11\/1-mapa-alma-20-11-1080-x-1350-px-2-1-768x960.png 768w, https:\/\/familiadopudim.com.br\/wp-content\/uploads\/2024\/11\/1-mapa-alma-20-11-1080-x-1350-px-2-1.png 1080w\" sizes=\"(max-width: 800px) 100vw, 800px\" \/>\t\t\t\t\t\t\t\t\t\t\t\t\t<\/div>\n\t\t\t\t<\/div>\n\t\t\t\t<div class=\"elementor-element elementor-element-2465421 elementor-widget elementor-widget-heading\" data-id=\"2465421\" data-element_type=\"widget\" data-widget_type=\"heading.default\">\n\t\t\t\t<div class=\"elementor-widget-container\">\n\t\t\t<h2 class=\"elementor-heading-title elementor-size-default\">Fam\u00edlia do Pudim<\/h2>\t\t<\/div>\n\t\t\t\t<\/div>\n\t\t\t\t<div class=\"elementor-element elementor-element-e3b32de elementor-align-center animated-slow elementor-invisible elementor-widget elementor-widget-button\" data-id=\"e3b32de\" data-element_type=\"widget\" data-settings=\"{&quot;_animation&quot;:&quot;fadeIn&quot;,&quot;_animation_mobile&quot;:&quot;tada&quot;,&quot;_animation_delay&quot;:500}\" data-widget_type=\"button.default\">\n\t\t\t\t<div class=\"elementor-widget-container\">\n\t\t\t\t\t\t\t<div class=\"elementor-button-wrapper\">\n\t\t\t\t\t<a class=\"elementor-button elementor-button-link elementor-size-sm\" href=\"https:\/\/www.ifood.com.br\/delivery\/niteroi-rj\/familia-do-pudim-santa-rosa\/4c2c7714-66fa-48f2-a905-a8fc0a82cecb?utm_medium=share\">\n\t\t\t\t\t\t<span class=\"elementor-button-content-wrapper\">\n\t\t\t\t\t\t\t\t\t<span class=\"elementor-button-text\">Pe\u00e7a agora (Ifood)<\/span>\n\t\t\t\t\t<\/span>\n\t\t\t\t\t<\/a>\n\t\t\t\t<\/div>\n\t\t\t\t\t\t<\/div>\n\t\t\t\t<\/div>\n\t\t\t\t<div class=\"elementor-element elementor-element-fae5845 elementor-align-center elementor-invisible elementor-widget elementor-widget-button\" data-id=\"fae5845\" data-element_type=\"widget\" data-settings=\"{&quot;_animation&quot;:&quot;fadeInDown&quot;,&quot;_animation_mobile&quot;:&quot;fadeInDown&quot;}\" data-widget_type=\"button.default\">\n\t\t\t\t<div class=\"elementor-widget-container\">\n\t\t\t\t\t\t\t<div class=\"elementor-button-wrapper\">\n\t\t\t\t\t<a class=\"elementor-button elementor-button-link elementor-size-sm\" href=\"https:\/\/api.whatsapp.com\/send?phone=5521971739926&#038;text=Ol\u00e1,%20gostaria%20de%20fazer%20um%20encomenda!\">\n\t\t\t\t\t\t<span class=\"elementor-button-content-wrapper\">\n\t\t\t\t\t\t\t\t\t<span class=\"elementor-button-text\">Encomendas <\/span>\n\t\t\t\t\t<\/span>\n\t\t\t\t\t<\/a>\n\t\t\t\t<\/div>\n\t\t\t\t\t\t<\/div>\n\t\t\t\t<\/div>\n\t\t\t\t<div class=\"elementor-element elementor-element-c9d613d elementor-align-center elementor-invisible elementor-widget elementor-widget-button\" data-id=\"c9d613d\" data-element_type=\"widget\" data-settings=\"{&quot;_animation&quot;:&quot;fadeInDown&quot;,&quot;_animation_mobile&quot;:&quot;fadeInDown&quot;}\" data-widget_type=\"button.default\">\n\t\t\t\t<div class=\"elementor-widget-container\">\n\t\t\t\t\t\t\t<div class=\"elementor-button-wrapper\">\n\t\t\t\t\t<a class=\"elementor-button elementor-button-link elementor-size-sm\" href=\"https:\/\/api.whatsapp.com\/send?phone=5521971739926&#038;text=Ol\u00e1,%20gostaria%20de%20fazer%20um%20encomenda!\">\n\t\t\t\t\t\t<span class=\"elementor-button-content-wrapper\">\n\t\t\t\t\t\t\t\t\t<span class=\"elementor-button-text\">Vendas Corporativas<\/span>\n\t\t\t\t\t<\/span>\n\t\t\t\t\t<\/a>\n\t\t\t\t<\/div>\n\t\t\t\t\t\t<\/div>\n\t\t\t\t<\/div>\n\t\t\t\t<div class=\"elementor-element elementor-element-034d09e elementor-widget elementor-widget-heading\" data-id=\"034d09e\" data-element_type=\"widget\" data-widget_type=\"heading.default\">\n\t\t\t\t<div class=\"elementor-widget-container\">\n\t\t\t<h2 class=\"elementor-heading-title elementor-size-default\">Na Fam\u00edlia do Pudim, cada colherada carrega amor, tradi\u00e7\u00e3o e o sabor de momentos inesquec\u00edveis.<\/h2>\t\t<\/div>\n\t\t\t\t<\/div>\n\t\t\t\t<div class=\"elementor-element elementor-element-07c2692 elementor-widget elementor-widget-html\" data-id=\"07c2692\" data-element_type=\"widget\" data-widget_type=\"html.default\">\n\t\t\t\t<div class=\"elementor-widget-container\">\n\t\t\t\r\n<div class=\"conteinerneve\">\r\n\t<div class=\"neve\"><\/div>\r\n<\/div>\r\n\r\n<style>\r\n    *,*:after,*:before{\r\n    \t-webkit-box-sizing: border-box;\r\n    \t-moz-box-sizing: border-box;\r\n    \t-ms-box-sizing: border-box;\r\n    \tbox-sizing: border-box;\r\n    }\r\n    \r\n    .conteinerneve{\r\n    \theight: 100vh;\r\n    \twidth: 100%;\r\n    \tbackground-size: cover;\r\n    \tbackground-position: center bottom; \r\n    \toverflow: hidden;\r\n    \tposition: fixed;\r\n    \tz-index: 999;\r\n    \tpointer-events: none;\r\n    }\r\n    \r\n    .neve, .neve:before, .neve:after {\r\n      position: fixed;\r\n      top: -650px;\r\n      left: 0;\r\n      bottom: 0;\r\n      right: 0;\r\n      background-image: \r\n      radial-gradient(4px 4px at 100px 50px, #fff , transparent), \r\n      radial-gradient(6px 6px at 200px 150px, #fff, transparent), \r\n      radial-gradient(3px 3px at 300px 250px, #fff 50%, transparent), \r\n      radial-gradient(4px 4px at 400px 350px, #fff 50%, transparent), \r\n      radial-gradient(6px 6px at 500px 100px, #fff 50%, transparent), \r\n      radial-gradient(3px 3px at 50px 200px, #fff 50%, transparent), \r\n      radial-gradient(4px 4px at 150px 300px, #fff 50%, transparent), \r\n      radial-gradient(6px 6px at 250px 400px, #fff 50%, transparent), \r\n      radial-gradient(3px 3px at 350px 500px, #fff 50%, transparent);\r\n      background-size: 650px 650px;\r\n      animation: caineve 10s linear infinite;\r\n      content: \"\";\r\n      pointer-events: none;\r\n    }\r\n    .neve:after {\r\n      margin-left: -250px;\r\n      opacity: 0.5;\r\n      filter: blur(2px);\r\n      animation-duration: 6s;\r\n      animation-direction: reverse;\r\n      pointer-events: none;\r\n    }\r\n    \r\n    .neve:before {\r\n    \tmargin-left: -350px;\r\n      opacity: 0.7;\r\n      filter: blur(1px);\r\n      animation-duration: 9s;\r\n      animation-direction: reverse;\r\n      pointer-events: none;\r\n    }\r\n    \r\n    @keyframes caineve {\r\n      from {\r\n        transform: translateY(0px);\r\n        pointer-events: none;\r\n      }\r\n      \r\n      to {\r\n        transform: translateY(650px);\r\n        pointer-events: none;\r\n      }\r\n    }\r\n<\/style>\r\n\t\t<\/div>\n\t\t\t\t<\/div>\n\t\t\t\t\t<\/div>\n\t\t\t\t<\/div>\n\t\t\t\t<\/div>\n\t\t","protected":false},"excerpt":{"rendered":"<p>Fam\u00edlia do Pudim Pe\u00e7a agora (Ifood) Encomendas Vendas Corporativas Na Fam\u00edlia do Pudim, cada colherada carrega amor, tradi\u00e7\u00e3o e o sabor de momentos inesquec\u00edveis.<\/p>\n","protected":false},"author":1,"featured_media":0,"parent":0,"menu_order":0,"comment_status":"closed","ping_status":"closed","template":"elementor_canvas","meta":{"footnotes":""},"class_list":["post-7","page","type-page","status-publish","hentry"],"_links":{"self":[{"href":"https:\/\/familiadopudim.com.br\/index.php\/wp-json\/wp\/v2\/pages\/7","targetHints":{"allow":["GET"]}}],"collection":[{"href":"https:\/\/familiadopudim.com.br\/index.php\/wp-json\/wp\/v2\/pages"}],"about":[{"href":"https:\/\/familiadopudim.com.br\/index.php\/wp-json\/wp\/v2\/types\/page"}],"author":[{"embeddable":true,"href":"https:\/\/familiadopudim.com.br\/index.php\/wp-json\/wp\/v2\/users\/1"}],"replies":[{"embeddable":true,"href":"https:\/\/familiadopudim.com.br\/index.php\/wp-json\/wp\/v2\/comments?post=7"}],"version-history":[{"count":101,"href":"https:\/\/familiadopudim.com.br\/index.php\/wp-json\/wp\/v2\/pages\/7\/revisions"}],"predecessor-version":[{"id":136,"href":"https:\/\/familiadopudim.com.br\/index.php\/wp-json\/wp\/v2\/pages\/7\/revisions\/136"}],"wp:attachment":[{"href":"https:\/\/familiadopudim.com.br\/index.php\/wp-json\/wp\/v2\/media?parent=7"}],"curies":[{"name":"wp","href":"https:\/\/api.w.org\/{rel}","templated":true}]}}